{"id":22002,"date":"2016-03-10T18:51:46","date_gmt":"2016-03-10T18:51:46","guid":{"rendered":"https:\/\/www.harrochrealestate.mc\/condizioni-generali-di-utilizzo\/"},"modified":"2016-03-10T18:51:46","modified_gmt":"2016-03-10T18:51:46","slug":"condizioni-generali-di-utilizzo","status":"publish","type":"page","link":"https:\/\/www.harrochrealestate.mc\/it\/condizioni-generali-di-utilizzo\/","title":{"rendered":"condizioni generali di utilizzo"},"content":{"rendered":"<ol>\n<li>Accettazione delle condizioni Le presenti condizioni generali di utilizzo (di seguito denominate &#8220;Condizioni&#8221;) si applicano all&#8217;utilizzo di tutti i servizi offerti dall&#8217;Agence immobili\u00e8re (di seguito denominata &#8220;Agenzia&#8221;). Utilizzando i nostri servizi, l&#8217;utente accetta le presenti Condizioni.<\/li>\n<li>Servizi offerti L&#8217;Agenzia offre servizi immobiliari come la ricerca e la vendita di immobili.<\/li>\n<li>Utilizzo del sito web L&#8217;utente \u00e8 autorizzato a utilizzare il nostro sito web esclusivamente per scopi leciti e in conformit\u00e0 alle presenti Condizioni. \u00c8 vietato utilizzare il nostro sito web in modo abusivo o illegale, in particolare pubblicando o trasmettendo contenuti inappropriati o offensivi.<\/li>\n<li>Propriet\u00e0 intellettuale Il contenuto del nostro sito web, inclusi testi, immagini, grafici e loghi, \u00e8 protetto da copyright e altri diritti di propriet\u00e0 intellettuale. Non \u00e8 consentito riprodurre, modificare o distribuire questo contenuto senza il nostro preventivo consenso scritto.<\/li>\n<li>Garanzie e responsabilit\u00e0 L&#8217;Agenzia non garantisce la disponibilit\u00e0 continua dei propri servizi e declina ogni responsabilit\u00e0 per i danni derivanti dalla mancata disponibilit\u00e0 dei propri servizi. Non garantiamo l&#8217;accuratezza, l&#8217;affidabilit\u00e0 o la qualit\u00e0 delle informazioni contenute nel nostro sito web.<\/li>\n<li>Modifiche alle Condizioni Ci riserviamo il diritto di modificare le presenti Condizioni in qualsiasi momento. Le modifiche entreranno in vigore non appena saranno pubblicate sul nostro sito web.<\/li>\n<li>Legge applicabile Le presenti Condizioni sono disciplinate dalle leggi del Principato di Monaco. Qualsiasi controversia derivante dall&#8217;utilizzo dei nostri servizi sar\u00e0 soggetta alla giurisdizione esclusiva dei tribunali del Principato di Monaco.<\/li>\n<li>Contatto Per qualsiasi domanda o commento relativo a queste Condizioni, contattateci all&#8217;indirizzo e-mail indicato: <a href=\"mailto:info@harrochrealestate.com\">info@harrochrealestate.com<\/a>.<\/li>\n<\/ol>\n","protected":false},"excerpt":{"rendered":"<p>Accettazione delle condizioni Le presenti condizioni generali di utilizzo (di seguito denominate &#8220;Condizioni&#8221;) si applicano all&#8217;utilizzo di tutti i servizi offerti dall&#8217;Agence immobili\u00e8re (di seguito denominata &#8220;Agenzia&#8221;). Utilizzando i nostri servizi, l&#8217;utente accetta le presenti Condizioni. Servizi offerti L&#8217;Agenzia offre servizi immobiliari come la ricerca e la vendita di immobili. Utilizzo del sito web L&#8217;utente [&hellip;]<\/p>\n","protected":false},"author":1,"featured_media":0,"parent":0,"menu_order":0,"comment_status":"closed","ping_status":"closed","template":"elementor_canvas","meta":{"footnotes":""},"class_list":["post-22002","page","type-page","status-publish","hentry"],"_links":{"self":[{"href":"https:\/\/www.harrochrealestate.mc\/it\/wp-json\/wp\/v2\/pages\/22002","targetHints":{"allow":["GET"]}}],"collection":[{"href":"https:\/\/www.harrochrealestate.mc\/it\/wp-json\/wp\/v2\/pages"}],"about":[{"href":"https:\/\/www.harrochrealestate.mc\/it\/wp-json\/wp\/v2\/types\/page"}],"author":[{"embeddable":true,"href":"https:\/\/www.harrochrealestate.mc\/it\/wp-json\/wp\/v2\/users\/1"}],"replies":[{"embeddable":true,"href":"https:\/\/www.harrochrealestate.mc\/it\/wp-json\/wp\/v2\/comments?post=22002"}],"version-history":[{"count":0,"href":"https:\/\/www.harrochrealestate.mc\/it\/wp-json\/wp\/v2\/pages\/22002\/revisions"}],"wp:attachment":[{"href":"https:\/\/www.harrochrealestate.mc\/it\/wp-json\/wp\/v2\/media?parent=22002"}],"curies":[{"name":"wp","href":"https:\/\/api.w.org\/{rel}","templated":true}]}}